{"id":2336,"date":"2023-03-27T06:00:59","date_gmt":"2023-03-27T06:00:59","guid":{"rendered":"https:\/\/bridalcommerce.com\/staging\/erp-solution-overview\/"},"modified":"2023-09-20T09:12:59","modified_gmt":"2023-09-20T09:12:59","slug":"erp-solution-overview","status":"publish","type":"page","link":"https:\/\/bridalcommerce.com\/staging\/erp-solution-overview\/","title":{"rendered":"ERP Solution Overview"},"content":{"rendered":"","protected":false},"excerpt":{"rendered":"","protected":false},"author":1,"featured_media":1956,"parent":0,"menu_order":0,"comment_status":"closed","ping_status":"closed","template":"template-erpsolutionoverview.php","meta":{"footnotes":""},"class_list":["post-2336","page","type-page","status-publish","has-post-thumbnail","hentry"],"yoast_head":"<!-- This site is optimized with the Yoast SEO plugin v21.1 - https:\/\/yoast.com\/wordpress\/plugins\/seo\/ -->\n<title>ERP l\u00f6sung f\u00fcr brautmode und Hochzeit Branche<\/title>\n<meta name=\"description\" content=\"Wir bieten Ihnen die spezialisierten SAP Business One ERP-L\u00f6sungen, die Sie f\u00fcr die Herausforderungen Ihrer brautmode und Hochzeit Branche ben\u00f6tigen.\" \/>\n<meta name=\"robots\" content=\"index, follow, max-snippet:-1, max-image-preview:large, max-video-preview:-1\" \/>\n<link rel=\"canonical\" href=\"https:\/\/bridalcommerce.com\/staging\/erp-solution-overview\/\" \/>\n<meta property=\"og:locale\" content=\"de_DE\" \/>\n<meta property=\"og:type\" content=\"article\" \/>\n<meta property=\"og:title\" content=\"ERP l\u00f6sung f\u00fcr brautmode und Hochzeit Branche\" \/>\n<meta property=\"og:description\" content=\"Wir bieten Ihnen die spezialisierten SAP Business One ERP-L\u00f6sungen, die Sie f\u00fcr die Herausforderungen Ihrer brautmode und Hochzeit Branche ben\u00f6tigen.\" \/>\n<meta property=\"og:url\" content=\"https:\/\/bridalcommerce.com\/staging\/erp-solution-overview\/\" \/>\n<meta property=\"og:site_name\" content=\"Bridal Commerce\" \/>\n<meta property=\"article:publisher\" content=\"https:\/\/www.facebook.com\/bridalcommerce\/\" \/>\n<meta property=\"article:modified_time\" content=\"2023-09-20T09:12:59+00:00\" \/>\n<meta property=\"og:image\" content=\"https:\/\/bridalcommerce.com\/staging\/wp-content\/uploads\/2023\/03\/erp_solution_banner.jpg\" \/>\n\t<meta property=\"og:image:width\" content=\"1920\" \/>\n\t<meta property=\"og:image:height\" content=\"680\" \/>\n\t<meta property=\"og:image:type\" content=\"image\/jpeg\" \/>\n<meta name=\"twitter:card\" content=\"summary_large_image\" \/>\n<script type=\"application\/ld+json\" class=\"yoast-schema-graph\">{\"@context\":\"https:\/\/schema.org\",\"@graph\":[{\"@type\":\"WebPage\",\"@id\":\"https:\/\/bridalcommerce.com\/staging\/erp-solution-overview\/\",\"url\":\"https:\/\/bridalcommerce.com\/staging\/erp-solution-overview\/\",\"name\":\"ERP l\u00f6sung f\u00fcr brautmode und Hochzeit Branche\",\"isPartOf\":{\"@id\":\"https:\/\/bridalcommerce.com\/staging\/#website\"},\"datePublished\":\"2023-03-27T06:00:59+00:00\",\"dateModified\":\"2023-09-20T09:12:59+00:00\",\"description\":\"Wir bieten Ihnen die spezialisierten SAP Business One ERP-L\u00f6sungen, die Sie f\u00fcr die Herausforderungen Ihrer brautmode und Hochzeit Branche ben\u00f6tigen.\",\"breadcrumb\":{\"@id\":\"https:\/\/bridalcommerce.com\/staging\/erp-solution-overview\/#breadcrumb\"},\"inLanguage\":\"de\",\"potentialAction\":[{\"@type\":\"ReadAction\",\"target\":[\"https:\/\/bridalcommerce.com\/staging\/erp-solution-overview\/\"]}]},{\"@type\":\"BreadcrumbList\",\"@id\":\"https:\/\/bridalcommerce.com\/staging\/erp-solution-overview\/#breadcrumb\",\"itemListElement\":[{\"@type\":\"ListItem\",\"position\":1,\"name\":\"Home\",\"item\":\"https:\/\/bridalcommerce.com\/staging\/\"},{\"@type\":\"ListItem\",\"position\":2,\"name\":\"ERP Solution Overview\"}]},{\"@type\":\"WebSite\",\"@id\":\"https:\/\/bridalcommerce.com\/staging\/#website\",\"url\":\"https:\/\/bridalcommerce.com\/staging\/\",\"name\":\"Bridal Commerce\",\"description\":\"\",\"potentialAction\":[{\"@type\":\"SearchAction\",\"target\":{\"@type\":\"EntryPoint\",\"urlTemplate\":\"https:\/\/bridalcommerce.com\/staging\/?s={search_term_string}\"},\"query-input\":\"required name=search_term_string\"}],\"inLanguage\":\"de\"}]}<\/script>\n<!-- \/ Yoast SEO plugin. -->","yoast_head_json":{"title":"ERP l\u00f6sung f\u00fcr brautmode und Hochzeit Branche","description":"Wir bieten Ihnen die spezialisierten SAP Business One ERP-L\u00f6sungen, die Sie f\u00fcr die Herausforderungen Ihrer brautmode und Hochzeit Branche ben\u00f6tigen.","robots":{"index":"index","follow":"follow","max-snippet":"max-snippet:-1","max-image-preview":"max-image-preview:large","max-video-preview":"max-video-preview:-1"},"canonical":"https:\/\/bridalcommerce.com\/staging\/erp-solution-overview\/","og_locale":"de_DE","og_type":"article","og_title":"ERP l\u00f6sung f\u00fcr brautmode und Hochzeit Branche","og_description":"Wir bieten Ihnen die spezialisierten SAP Business One ERP-L\u00f6sungen, die Sie f\u00fcr die Herausforderungen Ihrer brautmode und Hochzeit Branche ben\u00f6tigen.","og_url":"https:\/\/bridalcommerce.com\/staging\/erp-solution-overview\/","og_site_name":"Bridal Commerce","article_publisher":"https:\/\/www.facebook.com\/bridalcommerce\/","article_modified_time":"2023-09-20T09:12:59+00:00","og_image":[{"width":1920,"height":680,"url":"https:\/\/bridalcommerce.com\/staging\/wp-content\/uploads\/2023\/03\/erp_solution_banner.jpg","type":"image\/jpeg"}],"twitter_card":"summary_large_image","schema":{"@context":"https:\/\/schema.org","@graph":[{"@type":"WebPage","@id":"https:\/\/bridalcommerce.com\/staging\/erp-solution-overview\/","url":"https:\/\/bridalcommerce.com\/staging\/erp-solution-overview\/","name":"ERP l\u00f6sung f\u00fcr brautmode und Hochzeit Branche","isPartOf":{"@id":"https:\/\/bridalcommerce.com\/staging\/#website"},"datePublished":"2023-03-27T06:00:59+00:00","dateModified":"2023-09-20T09:12:59+00:00","description":"Wir bieten Ihnen die spezialisierten SAP Business One ERP-L\u00f6sungen, die Sie f\u00fcr die Herausforderungen Ihrer brautmode und Hochzeit Branche ben\u00f6tigen.","breadcrumb":{"@id":"https:\/\/bridalcommerce.com\/staging\/erp-solution-overview\/#breadcrumb"},"inLanguage":"de","potentialAction":[{"@type":"ReadAction","target":["https:\/\/bridalcommerce.com\/staging\/erp-solution-overview\/"]}]},{"@type":"BreadcrumbList","@id":"https:\/\/bridalcommerce.com\/staging\/erp-solution-overview\/#breadcrumb","itemListElement":[{"@type":"ListItem","position":1,"name":"Home","item":"https:\/\/bridalcommerce.com\/staging\/"},{"@type":"ListItem","position":2,"name":"ERP Solution Overview"}]},{"@type":"WebSite","@id":"https:\/\/bridalcommerce.com\/staging\/#website","url":"https:\/\/bridalcommerce.com\/staging\/","name":"Bridal Commerce","description":"","potentialAction":[{"@type":"SearchAction","target":{"@type":"EntryPoint","urlTemplate":"https:\/\/bridalcommerce.com\/staging\/?s={search_term_string}"},"query-input":"required name=search_term_string"}],"inLanguage":"de"}]}},"_links":{"self":[{"href":"https:\/\/bridalcommerce.com\/staging\/wp-json\/wp\/v2\/pages\/2336","targetHints":{"allow":["GET"]}}],"collection":[{"href":"https:\/\/bridalcommerce.com\/staging\/wp-json\/wp\/v2\/pages"}],"about":[{"href":"https:\/\/bridalcommerce.com\/staging\/wp-json\/wp\/v2\/types\/page"}],"author":[{"embeddable":true,"href":"https:\/\/bridalcommerce.com\/staging\/wp-json\/wp\/v2\/users\/1"}],"replies":[{"embeddable":true,"href":"https:\/\/bridalcommerce.com\/staging\/wp-json\/wp\/v2\/comments?post=2336"}],"version-history":[{"count":18,"href":"https:\/\/bridalcommerce.com\/staging\/wp-json\/wp\/v2\/pages\/2336\/revisions"}],"predecessor-version":[{"id":3081,"href":"https:\/\/bridalcommerce.com\/staging\/wp-json\/wp\/v2\/pages\/2336\/revisions\/3081"}],"wp:featuredmedia":[{"embeddable":true,"href":"https:\/\/bridalcommerce.com\/staging\/wp-json\/wp\/v2\/media\/1956"}],"wp:attachment":[{"href":"https:\/\/bridalcommerce.com\/staging\/wp-json\/wp\/v2\/media?parent=2336"}],"curies":[{"name":"wp","href":"https:\/\/api.w.org\/{rel}","templated":true}]}}