{"id":2338,"date":"2023-03-02T06:57:55","date_gmt":"2023-03-02T06:57:55","guid":{"rendered":"https:\/\/bridalcommerce.com\/staging\/email-marketing-campaign\/"},"modified":"2023-09-26T07:06:57","modified_gmt":"2023-09-26T07:06:57","slug":"email-marketing-campaign","status":"publish","type":"page","link":"https:\/\/bridalcommerce.com\/staging\/email-marketing-campaign\/","title":{"rendered":"Email Marketing Campaign"},"content":{"rendered":"","protected":false},"excerpt":{"rendered":"","protected":false},"author":1,"featured_media":0,"parent":0,"menu_order":0,"comment_status":"closed","ping_status":"closed","template":"template-emailmarketing.php","meta":{"footnotes":""},"class_list":["post-2338","page","type-page","status-publish","hentry"],"yoast_head":"<!-- This site is optimized with the Yoast SEO plugin v21.1 - https:\/\/yoast.com\/wordpress\/plugins\/seo\/ -->\n<title>Email Marketing Agentur f\u00fcr brautmode und Hochzeit Branche<\/title>\n<meta name=\"description\" content=\"Digitalisierung in Verbindung mit digital marketing und email marketing macht es dir m\u00f6glich, planbar mehr Termine mit zuk\u00fcnftigen Br\u00e4uten und Brautpaaren zu generieren.\" \/>\n<meta name=\"robots\" content=\"index, follow, max-snippet:-1, max-image-preview:large, max-video-preview:-1\" \/>\n<link rel=\"canonical\" href=\"https:\/\/bridalcommerce.com\/staging\/email-marketing-campaign\/\" \/>\n<meta property=\"og:locale\" content=\"de_DE\" \/>\n<meta property=\"og:type\" content=\"article\" \/>\n<meta property=\"og:title\" content=\"Email Marketing Agentur f\u00fcr brautmode und Hochzeit Branche\" \/>\n<meta property=\"og:description\" content=\"Digitalisierung in Verbindung mit digital marketing und email marketing macht es dir m\u00f6glich, planbar mehr Termine mit zuk\u00fcnftigen Br\u00e4uten und Brautpaaren zu generieren.\" \/>\n<meta property=\"og:url\" content=\"https:\/\/bridalcommerce.com\/staging\/email-marketing-campaign\/\" \/>\n<meta property=\"og:site_name\" content=\"Bridal Commerce\" \/>\n<meta property=\"article:publisher\" content=\"https:\/\/www.facebook.com\/bridalcommerce\/\" \/>\n<meta property=\"article:modified_time\" content=\"2023-09-26T07:06:57+00:00\" \/>\n<meta name=\"twitter:card\" content=\"summary_large_image\" \/>\n<script type=\"application\/ld+json\" class=\"yoast-schema-graph\">{\"@context\":\"https:\/\/schema.org\",\"@graph\":[{\"@type\":\"WebPage\",\"@id\":\"https:\/\/bridalcommerce.com\/staging\/email-marketing-campaign\/\",\"url\":\"https:\/\/bridalcommerce.com\/staging\/email-marketing-campaign\/\",\"name\":\"Email Marketing Agentur f\u00fcr brautmode und Hochzeit Branche\",\"isPartOf\":{\"@id\":\"https:\/\/bridalcommerce.com\/staging\/#website\"},\"datePublished\":\"2023-03-02T06:57:55+00:00\",\"dateModified\":\"2023-09-26T07:06:57+00:00\",\"description\":\"Digitalisierung in Verbindung mit digital marketing und email marketing macht es dir m\u00f6glich, planbar mehr Termine mit zuk\u00fcnftigen Br\u00e4uten und Brautpaaren zu generieren.\",\"breadcrumb\":{\"@id\":\"https:\/\/bridalcommerce.com\/staging\/email-marketing-campaign\/#breadcrumb\"},\"inLanguage\":\"de\",\"potentialAction\":[{\"@type\":\"ReadAction\",\"target\":[\"https:\/\/bridalcommerce.com\/staging\/email-marketing-campaign\/\"]}]},{\"@type\":\"BreadcrumbList\",\"@id\":\"https:\/\/bridalcommerce.com\/staging\/email-marketing-campaign\/#breadcrumb\",\"itemListElement\":[{\"@type\":\"ListItem\",\"position\":1,\"name\":\"Home\",\"item\":\"https:\/\/bridalcommerce.com\/staging\/\"},{\"@type\":\"ListItem\",\"position\":2,\"name\":\"Email Marketing Campaign\"}]},{\"@type\":\"WebSite\",\"@id\":\"https:\/\/bridalcommerce.com\/staging\/#website\",\"url\":\"https:\/\/bridalcommerce.com\/staging\/\",\"name\":\"Bridal Commerce\",\"description\":\"\",\"potentialAction\":[{\"@type\":\"SearchAction\",\"target\":{\"@type\":\"EntryPoint\",\"urlTemplate\":\"https:\/\/bridalcommerce.com\/staging\/?s={search_term_string}\"},\"query-input\":\"required name=search_term_string\"}],\"inLanguage\":\"de\"}]}<\/script>\n<!-- \/ Yoast SEO plugin. -->","yoast_head_json":{"title":"Email Marketing Agentur f\u00fcr brautmode und Hochzeit Branche","description":"Digitalisierung in Verbindung mit digital marketing und email marketing macht es dir m\u00f6glich, planbar mehr Termine mit zuk\u00fcnftigen Br\u00e4uten und Brautpaaren zu generieren.","robots":{"index":"index","follow":"follow","max-snippet":"max-snippet:-1","max-image-preview":"max-image-preview:large","max-video-preview":"max-video-preview:-1"},"canonical":"https:\/\/bridalcommerce.com\/staging\/email-marketing-campaign\/","og_locale":"de_DE","og_type":"article","og_title":"Email Marketing Agentur f\u00fcr brautmode und Hochzeit Branche","og_description":"Digitalisierung in Verbindung mit digital marketing und email marketing macht es dir m\u00f6glich, planbar mehr Termine mit zuk\u00fcnftigen Br\u00e4uten und Brautpaaren zu generieren.","og_url":"https:\/\/bridalcommerce.com\/staging\/email-marketing-campaign\/","og_site_name":"Bridal Commerce","article_publisher":"https:\/\/www.facebook.com\/bridalcommerce\/","article_modified_time":"2023-09-26T07:06:57+00:00","twitter_card":"summary_large_image","schema":{"@context":"https:\/\/schema.org","@graph":[{"@type":"WebPage","@id":"https:\/\/bridalcommerce.com\/staging\/email-marketing-campaign\/","url":"https:\/\/bridalcommerce.com\/staging\/email-marketing-campaign\/","name":"Email Marketing Agentur f\u00fcr brautmode und Hochzeit Branche","isPartOf":{"@id":"https:\/\/bridalcommerce.com\/staging\/#website"},"datePublished":"2023-03-02T06:57:55+00:00","dateModified":"2023-09-26T07:06:57+00:00","description":"Digitalisierung in Verbindung mit digital marketing und email marketing macht es dir m\u00f6glich, planbar mehr Termine mit zuk\u00fcnftigen Br\u00e4uten und Brautpaaren zu generieren.","breadcrumb":{"@id":"https:\/\/bridalcommerce.com\/staging\/email-marketing-campaign\/#breadcrumb"},"inLanguage":"de","potentialAction":[{"@type":"ReadAction","target":["https:\/\/bridalcommerce.com\/staging\/email-marketing-campaign\/"]}]},{"@type":"BreadcrumbList","@id":"https:\/\/bridalcommerce.com\/staging\/email-marketing-campaign\/#breadcrumb","itemListElement":[{"@type":"ListItem","position":1,"name":"Home","item":"https:\/\/bridalcommerce.com\/staging\/"},{"@type":"ListItem","position":2,"name":"Email Marketing Campaign"}]},{"@type":"WebSite","@id":"https:\/\/bridalcommerce.com\/staging\/#website","url":"https:\/\/bridalcommerce.com\/staging\/","name":"Bridal Commerce","description":"","potentialAction":[{"@type":"SearchAction","target":{"@type":"EntryPoint","urlTemplate":"https:\/\/bridalcommerce.com\/staging\/?s={search_term_string}"},"query-input":"required name=search_term_string"}],"inLanguage":"de"}]}},"_links":{"self":[{"href":"https:\/\/bridalcommerce.com\/staging\/wp-json\/wp\/v2\/pages\/2338","targetHints":{"allow":["GET"]}}],"collection":[{"href":"https:\/\/bridalcommerce.com\/staging\/wp-json\/wp\/v2\/pages"}],"about":[{"href":"https:\/\/bridalcommerce.com\/staging\/wp-json\/wp\/v2\/types\/page"}],"author":[{"embeddable":true,"href":"https:\/\/bridalcommerce.com\/staging\/wp-json\/wp\/v2\/users\/1"}],"replies":[{"embeddable":true,"href":"https:\/\/bridalcommerce.com\/staging\/wp-json\/wp\/v2\/comments?post=2338"}],"version-history":[{"count":9,"href":"https:\/\/bridalcommerce.com\/staging\/wp-json\/wp\/v2\/pages\/2338\/revisions"}],"predecessor-version":[{"id":3185,"href":"https:\/\/bridalcommerce.com\/staging\/wp-json\/wp\/v2\/pages\/2338\/revisions\/3185"}],"wp:attachment":[{"href":"https:\/\/bridalcommerce.com\/staging\/wp-json\/wp\/v2\/media?parent=2338"}],"curies":[{"name":"wp","href":"https:\/\/api.w.org\/{rel}","templated":true}]}}