{"id":2347,"date":"2023-03-02T06:53:56","date_gmt":"2023-03-02T06:53:56","guid":{"rendered":"https:\/\/bridalcommerce.com\/staging\/shopify\/"},"modified":"2023-10-06T11:18:38","modified_gmt":"2023-10-06T11:18:38","slug":"shopify","status":"publish","type":"page","link":"https:\/\/bridalcommerce.com\/staging\/shopify\/","title":{"rendered":"Shopify"},"content":{"rendered":"","protected":false},"excerpt":{"rendered":"","protected":false},"author":1,"featured_media":0,"parent":0,"menu_order":0,"comment_status":"closed","ping_status":"closed","template":"template-shopifypackage.php","meta":{"footnotes":""},"class_list":["post-2347","page","type-page","status-publish","hentry"],"yoast_head":"<!-- This site is optimized with the Yoast SEO plugin v21.1 - https:\/\/yoast.com\/wordpress\/plugins\/seo\/ -->\n<title>Shopify Braut-Webshop Ready to Go Template | G\u00fcnstige Pakete<\/title>\n<meta name=\"description\" content=\"Starten Sie Ihr Brautgesch\u00e4ft auf Shopify mit unseren Expertenservices. Beeindruckende, leicht zu bedienende Webshops, die Engagement und Verk\u00e4ufe f\u00f6rdern.\" \/>\n<meta name=\"robots\" content=\"index, follow, max-snippet:-1, max-image-preview:large, max-video-preview:-1\" \/>\n<link rel=\"canonical\" href=\"https:\/\/bridalcommerce.com\/staging\/shopify\/\" \/>\n<meta property=\"og:locale\" content=\"de_DE\" \/>\n<meta property=\"og:type\" content=\"article\" \/>\n<meta property=\"og:title\" content=\"Shopify Braut-Webshop Ready to Go Template | G\u00fcnstige Pakete\" \/>\n<meta property=\"og:description\" content=\"Starten Sie Ihr Brautgesch\u00e4ft auf Shopify mit unseren Expertenservices. Beeindruckende, leicht zu bedienende Webshops, die Engagement und Verk\u00e4ufe f\u00f6rdern.\" \/>\n<meta property=\"og:url\" content=\"https:\/\/bridalcommerce.com\/staging\/shopify\/\" \/>\n<meta property=\"og:site_name\" content=\"Bridal Commerce\" \/>\n<meta property=\"article:publisher\" content=\"https:\/\/www.facebook.com\/bridalcommerce\/\" \/>\n<meta property=\"article:modified_time\" content=\"2023-10-06T11:18:38+00:00\" \/>\n<meta name=\"twitter:card\" content=\"summary_large_image\" \/>\n<script type=\"application\/ld+json\" class=\"yoast-schema-graph\">{\"@context\":\"https:\/\/schema.org\",\"@graph\":[{\"@type\":\"WebPage\",\"@id\":\"https:\/\/bridalcommerce.com\/staging\/shopify\/\",\"url\":\"https:\/\/bridalcommerce.com\/staging\/shopify\/\",\"name\":\"Shopify Braut-Webshop Ready to Go Template | G\u00fcnstige Pakete\",\"isPartOf\":{\"@id\":\"https:\/\/bridalcommerce.com\/staging\/#website\"},\"datePublished\":\"2023-03-02T06:53:56+00:00\",\"dateModified\":\"2023-10-06T11:18:38+00:00\",\"description\":\"Starten Sie Ihr Brautgesch\u00e4ft auf Shopify mit unseren Expertenservices. Beeindruckende, leicht zu bedienende Webshops, die Engagement und Verk\u00e4ufe f\u00f6rdern.\",\"breadcrumb\":{\"@id\":\"https:\/\/bridalcommerce.com\/staging\/shopify\/#breadcrumb\"},\"inLanguage\":\"de\",\"potentialAction\":[{\"@type\":\"ReadAction\",\"target\":[\"https:\/\/bridalcommerce.com\/staging\/shopify\/\"]}]},{\"@type\":\"BreadcrumbList\",\"@id\":\"https:\/\/bridalcommerce.com\/staging\/shopify\/#breadcrumb\",\"itemListElement\":[{\"@type\":\"ListItem\",\"position\":1,\"name\":\"Home\",\"item\":\"https:\/\/bridalcommerce.com\/staging\/\"},{\"@type\":\"ListItem\",\"position\":2,\"name\":\"Shopify\"}]},{\"@type\":\"WebSite\",\"@id\":\"https:\/\/bridalcommerce.com\/staging\/#website\",\"url\":\"https:\/\/bridalcommerce.com\/staging\/\",\"name\":\"Bridal Commerce\",\"description\":\"\",\"potentialAction\":[{\"@type\":\"SearchAction\",\"target\":{\"@type\":\"EntryPoint\",\"urlTemplate\":\"https:\/\/bridalcommerce.com\/staging\/?s={search_term_string}\"},\"query-input\":\"required name=search_term_string\"}],\"inLanguage\":\"de\"}]}<\/script>\n<!-- \/ Yoast SEO plugin. -->","yoast_head_json":{"title":"Shopify Braut-Webshop Ready to Go Template | G\u00fcnstige Pakete","description":"Starten Sie Ihr Brautgesch\u00e4ft auf Shopify mit unseren Expertenservices. Beeindruckende, leicht zu bedienende Webshops, die Engagement und Verk\u00e4ufe f\u00f6rdern.","robots":{"index":"index","follow":"follow","max-snippet":"max-snippet:-1","max-image-preview":"max-image-preview:large","max-video-preview":"max-video-preview:-1"},"canonical":"https:\/\/bridalcommerce.com\/staging\/shopify\/","og_locale":"de_DE","og_type":"article","og_title":"Shopify Braut-Webshop Ready to Go Template | G\u00fcnstige Pakete","og_description":"Starten Sie Ihr Brautgesch\u00e4ft auf Shopify mit unseren Expertenservices. Beeindruckende, leicht zu bedienende Webshops, die Engagement und Verk\u00e4ufe f\u00f6rdern.","og_url":"https:\/\/bridalcommerce.com\/staging\/shopify\/","og_site_name":"Bridal Commerce","article_publisher":"https:\/\/www.facebook.com\/bridalcommerce\/","article_modified_time":"2023-10-06T11:18:38+00:00","twitter_card":"summary_large_image","schema":{"@context":"https:\/\/schema.org","@graph":[{"@type":"WebPage","@id":"https:\/\/bridalcommerce.com\/staging\/shopify\/","url":"https:\/\/bridalcommerce.com\/staging\/shopify\/","name":"Shopify Braut-Webshop Ready to Go Template | G\u00fcnstige Pakete","isPartOf":{"@id":"https:\/\/bridalcommerce.com\/staging\/#website"},"datePublished":"2023-03-02T06:53:56+00:00","dateModified":"2023-10-06T11:18:38+00:00","description":"Starten Sie Ihr Brautgesch\u00e4ft auf Shopify mit unseren Expertenservices. Beeindruckende, leicht zu bedienende Webshops, die Engagement und Verk\u00e4ufe f\u00f6rdern.","breadcrumb":{"@id":"https:\/\/bridalcommerce.com\/staging\/shopify\/#breadcrumb"},"inLanguage":"de","potentialAction":[{"@type":"ReadAction","target":["https:\/\/bridalcommerce.com\/staging\/shopify\/"]}]},{"@type":"BreadcrumbList","@id":"https:\/\/bridalcommerce.com\/staging\/shopify\/#breadcrumb","itemListElement":[{"@type":"ListItem","position":1,"name":"Home","item":"https:\/\/bridalcommerce.com\/staging\/"},{"@type":"ListItem","position":2,"name":"Shopify"}]},{"@type":"WebSite","@id":"https:\/\/bridalcommerce.com\/staging\/#website","url":"https:\/\/bridalcommerce.com\/staging\/","name":"Bridal Commerce","description":"","potentialAction":[{"@type":"SearchAction","target":{"@type":"EntryPoint","urlTemplate":"https:\/\/bridalcommerce.com\/staging\/?s={search_term_string}"},"query-input":"required name=search_term_string"}],"inLanguage":"de"}]}},"_links":{"self":[{"href":"https:\/\/bridalcommerce.com\/staging\/wp-json\/wp\/v2\/pages\/2347","targetHints":{"allow":["GET"]}}],"collection":[{"href":"https:\/\/bridalcommerce.com\/staging\/wp-json\/wp\/v2\/pages"}],"about":[{"href":"https:\/\/bridalcommerce.com\/staging\/wp-json\/wp\/v2\/types\/page"}],"author":[{"embeddable":true,"href":"https:\/\/bridalcommerce.com\/staging\/wp-json\/wp\/v2\/users\/1"}],"replies":[{"embeddable":true,"href":"https:\/\/bridalcommerce.com\/staging\/wp-json\/wp\/v2\/comments?post=2347"}],"version-history":[{"count":28,"href":"https:\/\/bridalcommerce.com\/staging\/wp-json\/wp\/v2\/pages\/2347\/revisions"}],"predecessor-version":[{"id":3305,"href":"https:\/\/bridalcommerce.com\/staging\/wp-json\/wp\/v2\/pages\/2347\/revisions\/3305"}],"wp:attachment":[{"href":"https:\/\/bridalcommerce.com\/staging\/wp-json\/wp\/v2\/media?parent=2347"}],"curies":[{"name":"wp","href":"https:\/\/api.w.org\/{rel}","templated":true}]}}