{"id":2348,"date":"2023-03-02T06:53:46","date_gmt":"2023-03-02T06:53:46","guid":{"rendered":"https:\/\/bridalcommerce.com\/staging\/magento\/"},"modified":"2023-09-28T06:38:30","modified_gmt":"2023-09-28T06:38:30","slug":"magento","status":"publish","type":"page","link":"https:\/\/bridalcommerce.com\/staging\/magento\/","title":{"rendered":"Magento"},"content":{"rendered":"","protected":false},"excerpt":{"rendered":"","protected":false},"author":1,"featured_media":0,"parent":0,"menu_order":0,"comment_status":"closed","ping_status":"closed","template":"template-magentopackage.php","meta":{"footnotes":""},"class_list":["post-2348","page","type-page","status-publish","hentry"],"yoast_head":"<!-- This site is optimized with the Yoast SEO plugin v21.1 - https:\/\/yoast.com\/wordpress\/plugins\/seo\/ -->\n<title>Magento Braut-Webshop Ready to Go Template | G\u00fcnstige Pakete<\/title>\n<meta name=\"description\" content=\"Starten Sie Ihr Brautgesch\u00e4ft auf Magento mit unseren Expertenservices. Beeindruckende, leicht zu bedienende Webshops, die Engagement und Verk\u00e4ufe f\u00f6rdern.\" \/>\n<meta name=\"robots\" content=\"index, follow, max-snippet:-1, max-image-preview:large, max-video-preview:-1\" \/>\n<link rel=\"canonical\" href=\"https:\/\/bridalcommerce.com\/staging\/magento\/\" \/>\n<meta property=\"og:locale\" content=\"de_DE\" \/>\n<meta property=\"og:type\" content=\"article\" \/>\n<meta property=\"og:title\" content=\"Magento Braut-Webshop Ready to Go Template | G\u00fcnstige Pakete\" \/>\n<meta property=\"og:description\" content=\"Starten Sie Ihr Brautgesch\u00e4ft auf Magento mit unseren Expertenservices. Beeindruckende, leicht zu bedienende Webshops, die Engagement und Verk\u00e4ufe f\u00f6rdern.\" \/>\n<meta property=\"og:url\" content=\"https:\/\/bridalcommerce.com\/staging\/magento\/\" \/>\n<meta property=\"og:site_name\" content=\"Bridal Commerce\" \/>\n<meta property=\"article:publisher\" content=\"https:\/\/www.facebook.com\/bridalcommerce\/\" \/>\n<meta property=\"article:modified_time\" content=\"2023-09-28T06:38:30+00:00\" \/>\n<meta name=\"twitter:card\" content=\"summary_large_image\" \/>\n<script type=\"application\/ld+json\" class=\"yoast-schema-graph\">{\"@context\":\"https:\/\/schema.org\",\"@graph\":[{\"@type\":\"WebPage\",\"@id\":\"https:\/\/bridalcommerce.com\/staging\/magento\/\",\"url\":\"https:\/\/bridalcommerce.com\/staging\/magento\/\",\"name\":\"Magento Braut-Webshop Ready to Go Template | G\u00fcnstige Pakete\",\"isPartOf\":{\"@id\":\"https:\/\/bridalcommerce.com\/staging\/#website\"},\"datePublished\":\"2023-03-02T06:53:46+00:00\",\"dateModified\":\"2023-09-28T06:38:30+00:00\",\"description\":\"Starten Sie Ihr Brautgesch\u00e4ft auf Magento mit unseren Expertenservices. Beeindruckende, leicht zu bedienende Webshops, die Engagement und Verk\u00e4ufe f\u00f6rdern.\",\"breadcrumb\":{\"@id\":\"https:\/\/bridalcommerce.com\/staging\/magento\/#breadcrumb\"},\"inLanguage\":\"de\",\"potentialAction\":[{\"@type\":\"ReadAction\",\"target\":[\"https:\/\/bridalcommerce.com\/staging\/magento\/\"]}]},{\"@type\":\"BreadcrumbList\",\"@id\":\"https:\/\/bridalcommerce.com\/staging\/magento\/#breadcrumb\",\"itemListElement\":[{\"@type\":\"ListItem\",\"position\":1,\"name\":\"Home\",\"item\":\"https:\/\/bridalcommerce.com\/staging\/\"},{\"@type\":\"ListItem\",\"position\":2,\"name\":\"Magento\"}]},{\"@type\":\"WebSite\",\"@id\":\"https:\/\/bridalcommerce.com\/staging\/#website\",\"url\":\"https:\/\/bridalcommerce.com\/staging\/\",\"name\":\"Bridal Commerce\",\"description\":\"\",\"potentialAction\":[{\"@type\":\"SearchAction\",\"target\":{\"@type\":\"EntryPoint\",\"urlTemplate\":\"https:\/\/bridalcommerce.com\/staging\/?s={search_term_string}\"},\"query-input\":\"required name=search_term_string\"}],\"inLanguage\":\"de\"}]}<\/script>\n<!-- \/ Yoast SEO plugin. -->","yoast_head_json":{"title":"Magento Braut-Webshop Ready to Go Template | G\u00fcnstige Pakete","description":"Starten Sie Ihr Brautgesch\u00e4ft auf Magento mit unseren Expertenservices. Beeindruckende, leicht zu bedienende Webshops, die Engagement und Verk\u00e4ufe f\u00f6rdern.","robots":{"index":"index","follow":"follow","max-snippet":"max-snippet:-1","max-image-preview":"max-image-preview:large","max-video-preview":"max-video-preview:-1"},"canonical":"https:\/\/bridalcommerce.com\/staging\/magento\/","og_locale":"de_DE","og_type":"article","og_title":"Magento Braut-Webshop Ready to Go Template | G\u00fcnstige Pakete","og_description":"Starten Sie Ihr Brautgesch\u00e4ft auf Magento mit unseren Expertenservices. Beeindruckende, leicht zu bedienende Webshops, die Engagement und Verk\u00e4ufe f\u00f6rdern.","og_url":"https:\/\/bridalcommerce.com\/staging\/magento\/","og_site_name":"Bridal Commerce","article_publisher":"https:\/\/www.facebook.com\/bridalcommerce\/","article_modified_time":"2023-09-28T06:38:30+00:00","twitter_card":"summary_large_image","schema":{"@context":"https:\/\/schema.org","@graph":[{"@type":"WebPage","@id":"https:\/\/bridalcommerce.com\/staging\/magento\/","url":"https:\/\/bridalcommerce.com\/staging\/magento\/","name":"Magento Braut-Webshop Ready to Go Template | G\u00fcnstige Pakete","isPartOf":{"@id":"https:\/\/bridalcommerce.com\/staging\/#website"},"datePublished":"2023-03-02T06:53:46+00:00","dateModified":"2023-09-28T06:38:30+00:00","description":"Starten Sie Ihr Brautgesch\u00e4ft auf Magento mit unseren Expertenservices. Beeindruckende, leicht zu bedienende Webshops, die Engagement und Verk\u00e4ufe f\u00f6rdern.","breadcrumb":{"@id":"https:\/\/bridalcommerce.com\/staging\/magento\/#breadcrumb"},"inLanguage":"de","potentialAction":[{"@type":"ReadAction","target":["https:\/\/bridalcommerce.com\/staging\/magento\/"]}]},{"@type":"BreadcrumbList","@id":"https:\/\/bridalcommerce.com\/staging\/magento\/#breadcrumb","itemListElement":[{"@type":"ListItem","position":1,"name":"Home","item":"https:\/\/bridalcommerce.com\/staging\/"},{"@type":"ListItem","position":2,"name":"Magento"}]},{"@type":"WebSite","@id":"https:\/\/bridalcommerce.com\/staging\/#website","url":"https:\/\/bridalcommerce.com\/staging\/","name":"Bridal Commerce","description":"","potentialAction":[{"@type":"SearchAction","target":{"@type":"EntryPoint","urlTemplate":"https:\/\/bridalcommerce.com\/staging\/?s={search_term_string}"},"query-input":"required name=search_term_string"}],"inLanguage":"de"}]}},"_links":{"self":[{"href":"https:\/\/bridalcommerce.com\/staging\/wp-json\/wp\/v2\/pages\/2348","targetHints":{"allow":["GET"]}}],"collection":[{"href":"https:\/\/bridalcommerce.com\/staging\/wp-json\/wp\/v2\/pages"}],"about":[{"href":"https:\/\/bridalcommerce.com\/staging\/wp-json\/wp\/v2\/types\/page"}],"author":[{"embeddable":true,"href":"https:\/\/bridalcommerce.com\/staging\/wp-json\/wp\/v2\/users\/1"}],"replies":[{"embeddable":true,"href":"https:\/\/bridalcommerce.com\/staging\/wp-json\/wp\/v2\/comments?post=2348"}],"version-history":[{"count":38,"href":"https:\/\/bridalcommerce.com\/staging\/wp-json\/wp\/v2\/pages\/2348\/revisions"}],"predecessor-version":[{"id":3236,"href":"https:\/\/bridalcommerce.com\/staging\/wp-json\/wp\/v2\/pages\/2348\/revisions\/3236"}],"wp:attachment":[{"href":"https:\/\/bridalcommerce.com\/staging\/wp-json\/wp\/v2\/media?parent=2348"}],"curies":[{"name":"wp","href":"https:\/\/api.w.org\/{rel}","templated":true}]}}