{"id":2521,"date":"2023-06-01T05:42:07","date_gmt":"2023-06-01T05:42:07","guid":{"rendered":"https:\/\/bridalcommerce.com\/staging\/vorlage\/"},"modified":"2023-09-18T13:21:05","modified_gmt":"2023-09-18T13:21:05","slug":"vorlage","status":"publish","type":"page","link":"https:\/\/bridalcommerce.com\/staging\/vorlage\/","title":{"rendered":"Template"},"content":{"rendered":"<p>WEBDESIGN VORLAGE<\/p>\n","protected":false},"excerpt":{"rendered":"<p>WEBDESIGN VORLAGE<\/p>\n","protected":false},"author":1,"featured_media":0,"parent":0,"menu_order":0,"comment_status":"closed","ping_status":"closed","template":"template-templatelayout.php","meta":{"footnotes":""},"class_list":["post-2521","page","type-page","status-publish","hentry"],"yoast_head":"<!-- This site is optimized with the Yoast SEO plugin v21.1 - https:\/\/yoast.com\/wordpress\/plugins\/seo\/ -->\n<title>Hochzeit Website Design Vorlage | Bridal Commerce<\/title>\n<meta name=\"description\" content=\"Setzen Sie sich mit unseren Experten in Verbindung, um eine ma\u00dfgeschneiderte Version unserer gebrauchsfertigen Website-Vorlage f\u00fcr Brautpaare zu erhalten, die alle Anforderungen Ihres Online-Shops erf\u00fcllt.\" \/>\n<meta name=\"robots\" content=\"index, follow, max-snippet:-1, max-image-preview:large, max-video-preview:-1\" \/>\n<link rel=\"canonical\" href=\"https:\/\/bridalcommerce.com\/staging\/vorlage\/\" \/>\n<meta property=\"og:locale\" content=\"de_DE\" \/>\n<meta property=\"og:type\" content=\"article\" \/>\n<meta property=\"og:title\" content=\"Hochzeit Website Design Vorlage | Bridal Commerce\" \/>\n<meta property=\"og:description\" content=\"Setzen Sie sich mit unseren Experten in Verbindung, um eine ma\u00dfgeschneiderte Version unserer gebrauchsfertigen Website-Vorlage f\u00fcr Brautpaare zu erhalten, die alle Anforderungen Ihres Online-Shops erf\u00fcllt.\" \/>\n<meta property=\"og:url\" content=\"https:\/\/bridalcommerce.com\/staging\/vorlage\/\" \/>\n<meta property=\"og:site_name\" content=\"Bridal Commerce\" \/>\n<meta property=\"article:publisher\" content=\"https:\/\/www.facebook.com\/bridalcommerce\/\" \/>\n<meta property=\"article:modified_time\" content=\"2023-09-18T13:21:05+00:00\" \/>\n<meta name=\"twitter:card\" content=\"summary_large_image\" \/>\n<meta name=\"twitter:label1\" content=\"Gesch\u00e4tzte Lesezeit\" \/>\n\t<meta name=\"twitter:data1\" content=\"1\u00a0Minute\" \/>\n<script type=\"application\/ld+json\" class=\"yoast-schema-graph\">{\"@context\":\"https:\/\/schema.org\",\"@graph\":[{\"@type\":\"WebPage\",\"@id\":\"https:\/\/bridalcommerce.com\/staging\/vorlage\/\",\"url\":\"https:\/\/bridalcommerce.com\/staging\/vorlage\/\",\"name\":\"Hochzeit Website Design Vorlage | Bridal Commerce\",\"isPartOf\":{\"@id\":\"https:\/\/bridalcommerce.com\/staging\/#website\"},\"datePublished\":\"2023-06-01T05:42:07+00:00\",\"dateModified\":\"2023-09-18T13:21:05+00:00\",\"description\":\"Setzen Sie sich mit unseren Experten in Verbindung, um eine ma\u00dfgeschneiderte Version unserer gebrauchsfertigen Website-Vorlage f\u00fcr Brautpaare zu erhalten, die alle Anforderungen Ihres Online-Shops erf\u00fcllt.\",\"breadcrumb\":{\"@id\":\"https:\/\/bridalcommerce.com\/staging\/vorlage\/#breadcrumb\"},\"inLanguage\":\"de\",\"potentialAction\":[{\"@type\":\"ReadAction\",\"target\":[\"https:\/\/bridalcommerce.com\/staging\/vorlage\/\"]}]},{\"@type\":\"BreadcrumbList\",\"@id\":\"https:\/\/bridalcommerce.com\/staging\/vorlage\/#breadcrumb\",\"itemListElement\":[{\"@type\":\"ListItem\",\"position\":1,\"name\":\"Home\",\"item\":\"https:\/\/bridalcommerce.com\/staging\/\"},{\"@type\":\"ListItem\",\"position\":2,\"name\":\"Template\"}]},{\"@type\":\"WebSite\",\"@id\":\"https:\/\/bridalcommerce.com\/staging\/#website\",\"url\":\"https:\/\/bridalcommerce.com\/staging\/\",\"name\":\"Bridal Commerce\",\"description\":\"\",\"potentialAction\":[{\"@type\":\"SearchAction\",\"target\":{\"@type\":\"EntryPoint\",\"urlTemplate\":\"https:\/\/bridalcommerce.com\/staging\/?s={search_term_string}\"},\"query-input\":\"required name=search_term_string\"}],\"inLanguage\":\"de\"}]}<\/script>\n<!-- \/ Yoast SEO plugin. -->","yoast_head_json":{"title":"Hochzeit Website Design Vorlage | Bridal Commerce","description":"Setzen Sie sich mit unseren Experten in Verbindung, um eine ma\u00dfgeschneiderte Version unserer gebrauchsfertigen Website-Vorlage f\u00fcr Brautpaare zu erhalten, die alle Anforderungen Ihres Online-Shops erf\u00fcllt.","robots":{"index":"index","follow":"follow","max-snippet":"max-snippet:-1","max-image-preview":"max-image-preview:large","max-video-preview":"max-video-preview:-1"},"canonical":"https:\/\/bridalcommerce.com\/staging\/vorlage\/","og_locale":"de_DE","og_type":"article","og_title":"Hochzeit Website Design Vorlage | Bridal Commerce","og_description":"Setzen Sie sich mit unseren Experten in Verbindung, um eine ma\u00dfgeschneiderte Version unserer gebrauchsfertigen Website-Vorlage f\u00fcr Brautpaare zu erhalten, die alle Anforderungen Ihres Online-Shops erf\u00fcllt.","og_url":"https:\/\/bridalcommerce.com\/staging\/vorlage\/","og_site_name":"Bridal Commerce","article_publisher":"https:\/\/www.facebook.com\/bridalcommerce\/","article_modified_time":"2023-09-18T13:21:05+00:00","twitter_card":"summary_large_image","twitter_misc":{"Gesch\u00e4tzte Lesezeit":"1\u00a0Minute"},"schema":{"@context":"https:\/\/schema.org","@graph":[{"@type":"WebPage","@id":"https:\/\/bridalcommerce.com\/staging\/vorlage\/","url":"https:\/\/bridalcommerce.com\/staging\/vorlage\/","name":"Hochzeit Website Design Vorlage | Bridal Commerce","isPartOf":{"@id":"https:\/\/bridalcommerce.com\/staging\/#website"},"datePublished":"2023-06-01T05:42:07+00:00","dateModified":"2023-09-18T13:21:05+00:00","description":"Setzen Sie sich mit unseren Experten in Verbindung, um eine ma\u00dfgeschneiderte Version unserer gebrauchsfertigen Website-Vorlage f\u00fcr Brautpaare zu erhalten, die alle Anforderungen Ihres Online-Shops erf\u00fcllt.","breadcrumb":{"@id":"https:\/\/bridalcommerce.com\/staging\/vorlage\/#breadcrumb"},"inLanguage":"de","potentialAction":[{"@type":"ReadAction","target":["https:\/\/bridalcommerce.com\/staging\/vorlage\/"]}]},{"@type":"BreadcrumbList","@id":"https:\/\/bridalcommerce.com\/staging\/vorlage\/#breadcrumb","itemListElement":[{"@type":"ListItem","position":1,"name":"Home","item":"https:\/\/bridalcommerce.com\/staging\/"},{"@type":"ListItem","position":2,"name":"Template"}]},{"@type":"WebSite","@id":"https:\/\/bridalcommerce.com\/staging\/#website","url":"https:\/\/bridalcommerce.com\/staging\/","name":"Bridal Commerce","description":"","potentialAction":[{"@type":"SearchAction","target":{"@type":"EntryPoint","urlTemplate":"https:\/\/bridalcommerce.com\/staging\/?s={search_term_string}"},"query-input":"required name=search_term_string"}],"inLanguage":"de"}]}},"_links":{"self":[{"href":"https:\/\/bridalcommerce.com\/staging\/wp-json\/wp\/v2\/pages\/2521","targetHints":{"allow":["GET"]}}],"collection":[{"href":"https:\/\/bridalcommerce.com\/staging\/wp-json\/wp\/v2\/pages"}],"about":[{"href":"https:\/\/bridalcommerce.com\/staging\/wp-json\/wp\/v2\/types\/page"}],"author":[{"embeddable":true,"href":"https:\/\/bridalcommerce.com\/staging\/wp-json\/wp\/v2\/users\/1"}],"replies":[{"embeddable":true,"href":"https:\/\/bridalcommerce.com\/staging\/wp-json\/wp\/v2\/comments?post=2521"}],"version-history":[{"count":8,"href":"https:\/\/bridalcommerce.com\/staging\/wp-json\/wp\/v2\/pages\/2521\/revisions"}],"predecessor-version":[{"id":3014,"href":"https:\/\/bridalcommerce.com\/staging\/wp-json\/wp\/v2\/pages\/2521\/revisions\/3014"}],"wp:attachment":[{"href":"https:\/\/bridalcommerce.com\/staging\/wp-json\/wp\/v2\/media?parent=2521"}],"curies":[{"name":"wp","href":"https:\/\/api.w.org\/{rel}","templated":true}]}}